
{"id":86,"date":"2014-11-21T06:25:58","date_gmt":"2014-11-21T06:25:58","guid":{"rendered":"http:\/\/namloeuropa.wordpress.com\/?page_id=86"},"modified":"2015-03-11T22:38:05","modified_gmt":"2015-03-11T22:38:05","slug":"millora-de-lensenyament-escolar","status":"publish","type":"page","link":"https:\/\/namloeuropa.org\/CA\/programes\/millora-de-lensenyament-escolar\/","title":{"rendered":"Millora de l&#8217;ensenyament escolar"},"content":{"rendered":"<p><\/p>\n<p style=\"text-align: justify;\">Segons les necessitats de cada escola s\u2019ofereixen cursos de formaci\u00f3 dissenyats espec\u00edficament per als mestres segons les mat\u00e8ries que demanen. Aix\u00ed mateix s\u2019estableixen biblioteques escolars i, a trav\u00e9s de les escoles agermanades, es prepara material educatiu per a mestres i alumnes.<\/p>\n<p><\/p>","protected":false},"excerpt":{"rendered":"<p>Segons les necessitats de cada escola s\u2019ofereixen cursos de formaci\u00f3 dissenyats espec\u00edficament per als mestres segons les mat\u00e8ries que demanen. Aix\u00ed mateix s\u2019estableixen biblioteques escolars i, a trav\u00e9s de les escoles agermanades, es prepara material educatiu per a mestres i alumnes.<\/p>\n","protected":false},"author":1,"featured_media":0,"parent":74,"menu_order":0,"comment_status":"closed","ping_status":"closed","template":"","meta":[],"_links":{"self":[{"href":"https:\/\/namloeuropa.org\/CA\/wp-json\/wp\/v2\/pages\/86"}],"collection":[{"href":"https:\/\/namloeuropa.org\/CA\/wp-json\/wp\/v2\/pages"}],"about":[{"href":"https:\/\/namloeuropa.org\/CA\/wp-json\/wp\/v2\/types\/page"}],"author":[{"embeddable":true,"href":"https:\/\/namloeuropa.org\/CA\/wp-json\/wp\/v2\/users\/1"}],"replies":[{"embeddable":true,"href":"https:\/\/namloeuropa.org\/CA\/wp-json\/wp\/v2\/comments?post=86"}],"version-history":[{"count":4,"href":"https:\/\/namloeuropa.org\/CA\/wp-json\/wp\/v2\/pages\/86\/revisions"}],"predecessor-version":[{"id":916,"href":"https:\/\/namloeuropa.org\/CA\/wp-json\/wp\/v2\/pages\/86\/revisions\/916"}],"up":[{"embeddable":true,"href":"https:\/\/namloeuropa.org\/CA\/wp-json\/wp\/v2\/pages\/74"}],"wp:attachment":[{"href":"https:\/\/namloeuropa.org\/CA\/wp-json\/wp\/v2\/media?parent=86"}],"curies":[{"name":"wp","href":"https:\/\/api.w.org\/{rel}","templated":true}]}}