
{"id":26,"date":"2014-11-21T05:28:39","date_gmt":"2014-11-21T05:28:39","guid":{"rendered":"http:\/\/namloeuropa.wordpress.com\/?page_id=26"},"modified":"2021-03-10T18:46:40","modified_gmt":"2021-03-10T18:46:40","slug":"qui-som","status":"publish","type":"page","link":"https:\/\/namloeuropa.org\/CA\/sobre-namlo\/qui-som\/","title":{"rendered":"Equip"},"content":{"rendered":"<p><\/p>\n<h6>Membres\u00a0de la Junta directiva<\/h6>\n<p style=\"text-align: justify;\"><span style=\"color: #084f9d;\">Namlo Europa<\/span> est\u00e1 dirigit\u00a0per una Junta directiva que regeix, administra i representa l&#8217;Associaci\u00f3.<\/p>\n<p style=\"text-align: justify;\"><div class=\"tmm tmm_1422\"><div class=\"tmm_2_columns tmm_wrap tmm_plugin_f\"><span class=\"tmm_two_containers_tablet\"><\/span><div class=\"tmm_container\"><div class=\"tmm_member\" style=\"border-top:#1e73be solid 5px;\"><div class=\"tmm_photo tmm_pic_1422_0\" style=\"background: url(http:\/\/namloeuropa.org\/wp-content\/uploads\/2014\/11\/xavi.jpg); margin-left: auto; margin-right:auto; background-size:cover !important;\"><\/div><div class=\"tmm_textblock\"><div class=\"tmm_names\"><span class=\"tmm_fname\">Xavi<\/span> <span class=\"tmm_lname\">Cros<\/span><\/div><div class=\"tmm_job\">President | Fundador de Namlo Europa<\/div><div class=\"tmm_desc\" style=\"text-align:left\">Barcelona. Llicenciat en ADE i en Investigaci\u00f3 i T\u00e8cniques de Mercat. Viatger de cor i economista de professi\u00f3, va aprofitar el 2010 una situaci\u00f3 d\u2019atur de llarga durada per cooperar amb Namlo International a Nicaragua. All\u00e0 va con\u00e8ixer de primera m\u00e0 la realitat d\u2019aquelles comunitats i els projectes que s\u2019estaven duent a terme. Els valors de l\u2019organitzaci\u00f3 i la integritat de Magda fan que en tornar de Nicaragua decideixi formar part de Namlo Europa.\r\n<br \/>\r\n<br \/>\r\n<br \/><\/div><div class=\"tmm_scblock\"><a target=\"_blank\" class=\"tmm_sociallink\" href=\"https:\/\/www.linkedin.com\/in\/xaviercros\/\" title=\"\"><img alt=\"\" src=\"https:\/\/namloeuropa.org\/wp-content\/plugins\/team-members\/inc\/img\/links\/linkedin.png\"\/><\/a><a class=\"tmm_sociallink\" href=\"mailto:xavi.cros@namloeuropa.org\" title=\"\"><img alt=\"\" src=\"https:\/\/namloeuropa.org\/wp-content\/plugins\/team-members\/inc\/img\/links\/email.png\"\/><\/a><\/div><\/div><\/div><div class=\"tmm_member\" style=\"border-top:#1e73be solid 5px;\"><div class=\"tmm_photo tmm_pic_1422_1\" style=\"background: url(http:\/\/namloeuropa.org\/wp-content\/uploads\/2014\/11\/magda.jpg); margin-left: auto; margin-right:auto; background-size:cover !important;\"><\/div><div class=\"tmm_textblock\"><div class=\"tmm_names\"><span class=\"tmm_fname\">Magda<\/span> <span class=\"tmm_lname\">Nos<\/span><\/div><div class=\"tmm_job\">Vicepresidenta | Fundadora de Namlo Europa i Int<\/div><div class=\"tmm_desc\" style=\"text-align:left\">Barcelona. T\u00e9 un llarg historial alpin\u00edstic, amb set expedicions a muntanyes de m\u00e9s de 8.000 m \u2013 Yalung Kang, Cho-Oyu, Gasherbrum II, Shishapangma, Everest, Broad Peak i Kangchenjunga. El 19 de setembre de 1989 va canviar la hist\u00f2ria de l\u2019alpinisme femen\u00ed del nostre pa\u00eds quan, al costat de la Monica Verge, va aconseguir el primer 8.000 femen\u00ed de l\u2019Estat espanyol (Cho Oyu, 8.201m). Amb els anys, va sentir la necessitat d\u2019agrair l\u2019ajuda que havia rebut dels Xerpes durant les seves expedicions a l\u2019Him\u00e0laia i va decidir que l\u2019educaci\u00f3 era el millor regal que podia fer.\r\n<\/div><div class=\"tmm_scblock\"><a target=\"_blank\" class=\"tmm_sociallink\" href=\"https:\/\/www.linkedin.com\/in\/magda-king-9b1150b3\/\" title=\"\"><img alt=\"\" src=\"https:\/\/namloeuropa.org\/wp-content\/plugins\/team-members\/inc\/img\/links\/linkedin.png\"\/><\/a><a class=\"tmm_sociallink\" href=\"mailto:magda.nos@namloeuropa.org\" title=\"\"><img alt=\"\" src=\"https:\/\/namloeuropa.org\/wp-content\/plugins\/team-members\/inc\/img\/links\/email.png\"\/><\/a><\/div><\/div><\/div><span class=\"tmm_two_containers_tablet\"><\/span><\/div><span class=\"tmm_columns_containers_desktop\"><\/span><div class=\"tmm_container\"><div class=\"tmm_member\" style=\"border-top:#1e73be solid 5px;\"><div class=\"tmm_photo tmm_pic_1422_2\" style=\"background: url(http:\/\/namloeuropa.org\/wp-content\/uploads\/2014\/11\/david.jpg); margin-left: auto; margin-right:auto; background-size:cover !important;\"><\/div><div class=\"tmm_textblock\"><div class=\"tmm_names\"><span class=\"tmm_fname\">David <\/span> <span class=\"tmm_lname\">Verge<\/span><\/div><div class=\"tmm_job\">Tresorer | Fundador de Namlo Europa<\/div><div class=\"tmm_desc\" style=\"text-align:left\">Barcelona. Economista i gran aficionat a la muntanya. Ha realitzat diverses expedicions a l\u2019Him\u00e0laia i als Andes. Coneix a la Magda Nos el 1989 arran de l\u2019expedici\u00f3 al Cho-Oyu que aquesta realitza amb la seva germana M\u00f2nica. El 2008 contacta amb ella per col\u00b7laborar amb Namlo International i el desembre de 2010, juntament amb altres amics de la Magda, decideixen crear Namlo Europa.\r\n<br \/>\r\n<br \/>\r\n<br \/>\r\n<br \/>\r\n<br \/>\r\n<br \/>\r\n<br \/><\/div><div class=\"tmm_scblock\"><a target=\"_blank\" class=\"tmm_sociallink\" href=\"https:\/\/www.linkedin.com\/in\/david-verge-folia-841701124\/\" title=\"\"><img alt=\"\" src=\"https:\/\/namloeuropa.org\/wp-content\/plugins\/team-members\/inc\/img\/links\/linkedin.png\"\/><\/a><a class=\"tmm_sociallink\" href=\"mailto:david.verge@namloeuropa.org\" title=\"\"><img alt=\"\" src=\"https:\/\/namloeuropa.org\/wp-content\/plugins\/team-members\/inc\/img\/links\/email.png\"\/><\/a><\/div><\/div><\/div><div class=\"tmm_member\" style=\"border-top:#1e73be solid 5px;\"><div class=\"tmm_photo tmm_pic_1422_3\" style=\"background: url(http:\/\/namloeuropa.org\/wp-content\/uploads\/2018\/02\/Guillermo-de-la-figuera-namlo-europa.jpg); margin-left: auto; margin-right:auto; background-size:cover !important;\"><\/div><div class=\"tmm_textblock\"><div class=\"tmm_names\"><span class=\"tmm_fname\">Guillermo<\/span> <span class=\"tmm_lname\">De la Figuera<\/span><\/div><div class=\"tmm_job\">Vocal<\/div><div class=\"tmm_desc\" style=\"text-align:left\">Madrid. Enginyer Civil especialitzat en Hidr\u00e0ulica i Energ\u00e8tica amb un Master Executiu en Negocis i Administraci\u00f3. En Guillermo ha treballat en programes de desenvolupament des de 2009 amb un enfocament principal en infraestructures i desenvolupament sostenible; els principals projectes els ha dut a terme a Kenya, Camerun, Eti\u00f2pia i Nepal. La seva passi\u00f3 pel muntanyisme, els viatges i l'intercanvi cultural el van portar a col\u00b7laborar amb Namlo Europa l'any 2015 com a voluntari sobre el terreny per a la supervisi\u00f3 de les obres de la primera escola constru\u00efda per Namlo Europa: Kamadhenu Lower Secondary School. A partir de llavors, ha col\u00b7laborat amb l'ONG com a assessor per a diferents projectes, convertint-se en membre de la Junta recentment.\r\n<br \/><\/div><div class=\"tmm_scblock\"><a target=\"_blank\" class=\"tmm_sociallink\" href=\"https:\/\/www.linkedin.com\/in\/guillermo-de-la-figuera-morales-713b3728\/\" title=\"\"><img alt=\"\" src=\"https:\/\/namloeuropa.org\/wp-content\/plugins\/team-members\/inc\/img\/links\/linkedin.png\"\/><\/a><a class=\"tmm_sociallink\" href=\"mailto:guillermo.delafiguera@namloeuropa.org\" title=\"\"><img alt=\"\" src=\"https:\/\/namloeuropa.org\/wp-content\/plugins\/team-members\/inc\/img\/links\/email.png\"\/><\/a><\/div><\/div><\/div><span class=\"tmm_two_containers_tablet\"><\/span><\/div><span class=\"tmm_columns_containers_desktop\"><\/span><div class=\"tmm_container\"><div class=\"tmm_member\" style=\"border-top:#1e73be solid 5px;\"><div class=\"tmm_photo tmm_pic_1422_4\" style=\"background: url(http:\/\/namloeuropa.org\/wp-content\/uploads\/2018\/02\/gema-granado-namlo-europa.jpg); margin-left: auto; margin-right:auto; background-size:cover !important;\"><\/div><div class=\"tmm_textblock\"><div class=\"tmm_names\"><span class=\"tmm_fname\">Gema<\/span> <span class=\"tmm_lname\">Granado<\/span><\/div><div class=\"tmm_job\">Secret\u00e0ria<\/div><div class=\"tmm_desc\" style=\"text-align:left\">Cadiz. Directora de cadena de subministrament amb una marcada responsabilitat social. La seva passi\u00f3 per viatjar i la naturalesa la van portar a descobrir el m\u00f3n, incloent el Nepal i cultures remotes. Despr\u00e9s de 10 anys a l'estranger, treballant per a empreses internacionals i centrada en la seva carrera professional, decideix tornar i aprofitar la seva experi\u00e8ncia dins d'un projecte social. Va comen\u00e7ar a col\u00b7laborar amb Namlo Europa mitjan\u00e7ant el desenvolupament del Pla Estrat\u00e8gic i finalment es va convertir en part de la Junta directiva amb l'esperan\u00e7a de tenir un impacte m\u00e9s ampli en aquesta societat.<\/div><div class=\"tmm_scblock\"><a class=\"tmm_sociallink\" href=\"mailto:gema.granado@namloeuropa.org\" title=\"\"><img alt=\"\" src=\"https:\/\/namloeuropa.org\/wp-content\/plugins\/team-members\/inc\/img\/links\/email.png\"\/><\/a><\/div><\/div><\/div><div class=\"tmm_member\" style=\"border-top:#1e73be solid 5px;\"><div class=\"tmm_photo tmm_pic_1422_5\" style=\"background: url(http:\/\/namloeuropa.org\/wp-content\/uploads\/2015\/01\/10443246_10204335186568450_4967046230244374144_o.jpg); margin-left: auto; margin-right:auto; background-size:cover !important;\"><\/div><div class=\"tmm_textblock\"><div class=\"tmm_names\"><span class=\"tmm_fname\">Aruna<\/span> <span class=\"tmm_lname\">Thapa<\/span><\/div><div class=\"tmm_job\">Membre honor\u00e0ria<\/div><div class=\"tmm_desc\" style=\"text-align:left\">M\u00e0ster en Psicologia per la Universitat de Tribhuwan, Kathmandu; M\u00e0ster en Sociologia\/Antropologia Patan Multiple Campus, Nepal. Directora de projectes de Namlo International al Nepal des de l\u2019any 2008. La primavera del 2014 va ser convidada a presentar a l\u2019Organitzaci\u00f3 de les Nacions Unides sobre \u201cL\u2019impacte Transformatiu de Potenciar Dones i Nenes\u201d. Amb la seva gran capacitat de treball ha realitzat amb gran \u00e8xit tots els projectes implementats al Nepal. Actualment col\u00b7labora volunt\u00e0riament amb Namlo Europa des d\u2019Austr\u00e0lia, on est\u00e0 fent un tercer M\u00e0ster (Business Administration), per poder ajudar encara m\u00e9s a les comunitats del Nepal.\r\n<br \/>\r\n<br \/>\r\n<br \/>\r\n<br \/><\/div><div class=\"tmm_scblock\"><\/div><\/div><\/div><div style=\"clear:both;\"><\/div><\/div><\/div><\/div><\/p>\n<p style=\"text-align: center;\">Els membres de la Junta directiva s\u00f3n voluntaris\u00a0i exerceixen els seus c\u00e0rrecs gratu\u00eftament.<\/p>\n<p><\/p>","protected":false},"excerpt":{"rendered":"<p>Membres\u00a0de la Junta directiva Namlo Europa est\u00e1 dirigit\u00a0per una Junta directiva que regeix, administra i representa l&#8217;Associaci\u00f3. Els membres de la Junta directiva s\u00f3n voluntaris\u00a0i exerceixen els seus c\u00e0rrecs gratu\u00eftament.<\/p>\n","protected":false},"author":1,"featured_media":0,"parent":12,"menu_order":0,"comment_status":"closed","ping_status":"closed","template":"template-fullwidth.php","meta":[],"_links":{"self":[{"href":"https:\/\/namloeuropa.org\/CA\/wp-json\/wp\/v2\/pages\/26"}],"collection":[{"href":"https:\/\/namloeuropa.org\/CA\/wp-json\/wp\/v2\/pages"}],"about":[{"href":"https:\/\/namloeuropa.org\/CA\/wp-json\/wp\/v2\/types\/page"}],"author":[{"embeddable":true,"href":"https:\/\/namloeuropa.org\/CA\/wp-json\/wp\/v2\/users\/1"}],"replies":[{"embeddable":true,"href":"https:\/\/namloeuropa.org\/CA\/wp-json\/wp\/v2\/comments?post=26"}],"version-history":[{"count":58,"href":"https:\/\/namloeuropa.org\/CA\/wp-json\/wp\/v2\/pages\/26\/revisions"}],"predecessor-version":[{"id":1843,"href":"https:\/\/namloeuropa.org\/CA\/wp-json\/wp\/v2\/pages\/26\/revisions\/1843"}],"up":[{"embeddable":true,"href":"https:\/\/namloeuropa.org\/CA\/wp-json\/wp\/v2\/pages\/12"}],"wp:attachment":[{"href":"https:\/\/namloeuropa.org\/CA\/wp-json\/wp\/v2\/media?parent=26"}],"curies":[{"name":"wp","href":"https:\/\/api.w.org\/{rel}","templated":true}]}}