
{"id":1893,"date":"2021-12-24T12:22:56","date_gmt":"2021-12-24T12:22:56","guid":{"rendered":"http:\/\/namloeuropa.org\/?page_id=1893"},"modified":"2021-12-26T09:54:24","modified_gmt":"2021-12-26T09:54:24","slug":"becas-escolares","status":"publish","type":"page","link":"https:\/\/namloeuropa.org\/CA\/becas-escolares\/","title":{"rendered":"Fes-te porter"},"content":{"rendered":"<div id=\"pl-1893\"  class=\"panel-layout\" ><div id=\"pg-1893-0\"  class=\"panel-grid panel-no-style\" ><div id=\"pgc-1893-0-0\"  class=\"panel-grid-cell\" ><div id=\"panel-1893-0-0-0\" class=\"so-panel widget widget_media_image panel-first-child panel-last-child\" data-index=\"0\" ><img width=\"1600\" height=\"700\" src=\"https:\/\/namloeuropa.org\/wp-content\/uploads\/2021\/12\/becas-namlo.jpg\" class=\"image wp-image-1894  attachment-full size-full\" alt=\"\" loading=\"lazy\" style=\"max-width: 100%; height: auto;\" srcset=\"https:\/\/namloeuropa.org\/wp-content\/uploads\/2021\/12\/becas-namlo.jpg 1600w, https:\/\/namloeuropa.org\/wp-content\/uploads\/2021\/12\/becas-namlo-300x131.jpg 300w, https:\/\/namloeuropa.org\/wp-content\/uploads\/2021\/12\/becas-namlo-1024x448.jpg 1024w, https:\/\/namloeuropa.org\/wp-content\/uploads\/2021\/12\/becas-namlo-768x336.jpg 768w, https:\/\/namloeuropa.org\/wp-content\/uploads\/2021\/12\/becas-namlo-1536x672.jpg 1536w, https:\/\/namloeuropa.org\/wp-content\/uploads\/2021\/12\/becas-namlo-676x296.jpg 676w\" sizes=\"(max-width: 1600px) 100vw, 1600px\" \/><\/div><\/div><\/div><div id=\"pg-1893-1\"  class=\"panel-grid panel-has-style\" ><div class=\"panel-row-style panel-row-style-for-1893-1\" ><div id=\"pgc-1893-1-0\"  class=\"panel-grid-cell\" ><div id=\"panel-1893-1-0-0\" class=\"so-panel widget widget_text panel-first-child panel-last-child\" data-index=\"1\" >\t\t\t<div class=\"textwidget\"><p>Esta Navidad, puedes becar durante todo el a\u00f1o a un estudiante de alguna de las tres escuelas soportadas por Namlo Europa por tan solo 10 \u20ac al mes.<\/p>\n<p>Namlo Europa trabaja para combatir la pobreza a trav\u00e9s de la educaci\u00f3n y por eso contamos con un programa de becas escolares en el que apoyamos a los mejores alumnos de cada curso para fomentar el esfuerzo y la excelencia en la educaci\u00f3n.<\/p>\n<p>Proporcionamos a los alumnos becados los uniformes y mochila (30,3\u20ac), ropa de deporte (26,3\u20ac) y material escolar (32,9\u20ac), incluyendo tanto libros como consumibles, para todo el curso, as\u00ed como un programa de tutor\u00edas con profesores de cada materia (33,3\u20ac) que garantiza un seguimiento adecuado del progreso de cada alumno.<\/p>\n<p>A d\u00eda de hoy nuestros recursos no nos permiten seguir extendiendo el programa de becas ya que no podemos garantizar su continuidad en los siguientes a\u00f1os, y por ello pedimos tu ayuda para poder becar nuevos alumnos.<\/p>\n<p>Nos alegrar\u00eda que tuvierais un contacto lo m\u00e1s directo posible con el alumno becado, para motivarle y que as\u00ed tambi\u00e9n vosotros o vuestros hijos pod\u00e1is enriqueceros, aprender e intercambiar experiencias por medios electr\u00f3nicos.<\/p>\n<p>Namlo Europa es una ONG registrada de inter\u00e9s general y por ello vuestro donativo est\u00e1 bonificado fiscalmente. Si don\u00e1is menos de 150\u20ac al a\u00f1o a nosotros u otra organizaci\u00f3n os desgravar\u00edais el 80% de la donaci\u00f3n. A partir de los 150\u20ac al a\u00f1o la desgravaci\u00f3n ser\u00e1 del 35% del importe que exceda esta cantidad. Es decir, si solo bec\u00e1is a un alumno con 10 \u20ac al mes, tras vuestra declaraci\u00f3n de la renta el desembolso anual ser\u00eda de tan solo 24\u20ac al a\u00f1o. Si ya super\u00e1is los 150\u20ac ser\u00eda de 78 \u20ac al a\u00f1o.<\/p>\n<p>Para becar a un alumno solo tienes que acceder al siguiente link, seleccionar 10 \u20ac mensuales o 30 trimestrales, en el siguiente formulario:<\/p>\n<\/div>\n\t\t<\/div><\/div><\/div><\/div><div id=\"pg-1893-2\"  class=\"panel-grid panel-no-style\" ><div id=\"pgc-1893-2-0\"  class=\"panel-grid-cell\" ><div id=\"panel-1893-2-0-0\" class=\"widget_text so-panel widget widget_custom_html panel-first-child panel-last-child\" data-index=\"2\" ><div class=\"textwidget custom-html-widget\"><div role=\"form\" class=\"wpcf7\" id=\"wpcf7-f1892-o1\" lang=\"es-ES\" dir=\"ltr\">\n<div class=\"screen-reader-response\"><p role=\"status\" aria-live=\"polite\" aria-atomic=\"true\"><\/p> <ul><\/ul><\/div>\n<form action=\"\/CA\/wp-json\/wp\/v2\/pages\/1893#wpcf7-f1892-o1\" method=\"post\" class=\"wpcf7-form init\" novalidate=\"novalidate\" data-status=\"init\">\n<div style=\"display: none;\">\n<input type=\"hidden\" name=\"_wpcf7\" value=\"1892\" \/>\n<input type=\"hidden\" name=\"_wpcf7_version\" value=\"5.5.3\" \/>\n<input type=\"hidden\" name=\"_wpcf7_locale\" value=\"es_ES\" \/>\n<input type=\"hidden\" name=\"_wpcf7_unit_tag\" value=\"wpcf7-f1892-o1\" \/>\n<input type=\"hidden\" name=\"_wpcf7_container_post\" value=\"0\" \/>\n<input type=\"hidden\" name=\"_wpcf7_posted_data_hash\" value=\"\" \/>\n<\/div>\n<p>\u00bfCu\u00e1nto quieres aportar?<\/p>\n<p><span class=\"wpcf7-form-control-wrap cantidad\"><span class=\"wpcf7-form-control wpcf7-radio\"><span class=\"wpcf7-list-item first\"><label><input type=\"radio\" name=\"cantidad\" value=\"10\u20ac Mensuales\" checked=\"checked\" \/><span class=\"wpcf7-list-item-label\">10\u20ac Mensuales<\/span><\/label><\/span><span class=\"wpcf7-list-item\"><label><input type=\"radio\" name=\"cantidad\" value=\"30\u20ac Trimestrales\" \/><span class=\"wpcf7-list-item-label\">30\u20ac Trimestrales<\/span><\/label><\/span><span class=\"wpcf7-list-item last\"><label><input type=\"radio\" name=\"cantidad\" value=\"120\u20ac Anuales\" \/><span class=\"wpcf7-list-item-label\">120\u20ac Anuales<\/span><\/label><\/span><\/span><\/span><\/p>\n<div class=\"row\">\n<div class=\"col-6\"><label>Nombre:<\/label><span class=\"wpcf7-form-control-wrap nombre\"><input type=\"text\" name=\"nombre\" value=\"\" size=\"40\" class=\"wpcf7-form-control wpcf7-text wpcf7-validates-as-required\" aria-required=\"true\" aria-invalid=\"false\" \/><\/span> <\/div>\n<div class=\"col-6\"><label>Apellidos:<\/label><span class=\"wpcf7-form-control-wrap apellidos\"><input type=\"text\" name=\"apellidos\" value=\"\" size=\"40\" class=\"wpcf7-form-control wpcf7-text wpcf7-validates-as-required\" aria-required=\"true\" aria-invalid=\"false\" \/><\/span> <\/div>\n<\/div>\n<div class=\"row\">\n<div class=\"col-6\"><label>Tel\u00e9fono:<\/label><span class=\"wpcf7-form-control-wrap telefono\"><input type=\"tel\" name=\"telefono\" value=\"\" size=\"40\" class=\"wpcf7-form-control wpcf7-text wpcf7-tel wpcf7-validates-as-required wpcf7-validates-as-tel\" aria-required=\"true\" aria-invalid=\"false\" \/><\/span> <\/div>\n<div class=\"col-6\"><label>Correo electr\u00f3nico:<\/label><span class=\"wpcf7-form-control-wrap email\"><input type=\"email\" name=\"email\" value=\"\" size=\"40\" class=\"wpcf7-form-control wpcf7-text wpcf7-email wpcf7-validates-as-required wpcf7-validates-as-email\" aria-required=\"true\" aria-invalid=\"false\" \/><\/span> <\/div>\n<\/div>\n<div class=\"row\">\n<div class=\"col-6\"><label>Tipo de documento:<\/label> <span class=\"wpcf7-form-control-wrap tipo_documento\"><select name=\"tipo_documento\" class=\"wpcf7-form-control wpcf7-select wpcf7-validates-as-required\" aria-required=\"true\" aria-invalid=\"false\"><option value=\"NIF\">NIF<\/option><option value=\"NIE\">NIE<\/option><\/select><\/span> <\/div>\n<div class=\"col-6\"><label> Documento:<\/label><span class=\"wpcf7-form-control-wrap identidad\"><input type=\"text\" name=\"identidad\" value=\"\" size=\"40\" class=\"wpcf7-form-control wpcf7-text wpcf7-validates-as-required\" aria-required=\"true\" aria-invalid=\"false\" \/><\/span> <\/div>\n<\/div>\n<p><span class=\"wpcf7-form-control-wrap degrava\"><span class=\"wpcf7-form-control wpcf7-acceptance optional\"><span class=\"wpcf7-list-item\"><label><input type=\"checkbox\" name=\"degrava\" value=\"1\" aria-invalid=\"false\" \/><span class=\"wpcf7-list-item-label\">Quiero desgravar mi aportaci\u00f3n en la declaraci\u00f3n de la renta<\/span><\/label><\/span><\/span><\/span><\/p>\n<p><label>IBAN: <\/label><span class=\"wpcf7-form-control-wrap IBAN\"><input type=\"text\" name=\"IBAN\" value=\"ES\" size=\"40\" class=\"wpcf7-form-control wpcf7-text wpcf7-validates-as-required\" aria-required=\"true\" aria-invalid=\"false\" \/><\/span> <\/p>\n<p><label>Titular: <\/label> <span class=\"wpcf7-form-control-wrap titular\"><input type=\"text\" name=\"titular\" value=\"\" size=\"40\" class=\"wpcf7-form-control wpcf7-text wpcf7-validates-as-required\" aria-required=\"true\" aria-invalid=\"false\" \/><\/span><\/p>\n<p><span class=\"wpcf7-form-control-wrap Aceptacion\"><span class=\"wpcf7-form-control wpcf7-acceptance\"><span class=\"wpcf7-list-item\"><label><input type=\"checkbox\" name=\"Aceptacion\" value=\"1\" aria-invalid=\"false\" \/><span class=\"wpcf7-list-item-label\">Acepto las <a href=\"http:\/\/namloeuropa.org\/wp-content\/uploads\/2018\/11\/aceptacionlegal.pdf\" target=\"_blank\" rel=\"noopener\">Bases Legales<\/a><\/span><\/label><\/span><\/span><\/span> <\/p>\n<p><input type=\"submit\" value=\"Enviar\" class=\"wpcf7-form-control has-spinner wpcf7-submit\" \/><\/p>\n<div class=\"wpcf7-response-output\" aria-hidden=\"true\"><\/div><\/form><\/div><\/div><\/div><\/div><div id=\"pgc-1893-2-1\"  class=\"panel-grid-cell\" ><div id=\"panel-1893-2-1-0\" class=\"so-panel widget widget_text panel-first-child panel-last-child\" data-index=\"3\" ><h3 class=\"widget-title\">Nuestros Colaboradores<\/h3>\t\t\t<div class=\"textwidget\"><p>Conchita Morales<br \/>\n<img loading=\"lazy\" class=\"aligncenter wp-image-1714\" src=\"http:\/\/namloeuropa.org\/wp-content\/uploads\/2018\/12\/Conchita.png\" alt=\"\" width=\"180\" height=\"177\" \/><br \/>\nConoc\u00ed los proyectos de Namlo cuando estuve en Katmand\u00fa. Me parecieron estupendos ya que para mi\u00a0 la dignidad, educaci\u00f3n\u00a0 y promoci\u00f3n de los ni\u00f1os es fundamental,\u00a0 adem\u00e1s las aportaciones que se hacen van directa e \u00edntegramente a las necesidades que surgen en cada momento.<\/p>\n<p>David Verge<\/p>\n<p><img loading=\"lazy\" class=\"aligncenter size-full wp-image-1732\" src=\"http:\/\/namloeuropa.org\/wp-content\/uploads\/2019\/09\/david-verge.png\" alt=\"\" width=\"202\" height=\"202\" srcset=\"https:\/\/namloeuropa.org\/wp-content\/uploads\/2019\/09\/david-verge.png 202w, https:\/\/namloeuropa.org\/wp-content\/uploads\/2019\/09\/david-verge-150x150.png 150w\" sizes=\"(max-width: 202px) 100vw, 202px\" \/><br \/>\nNuestra labor en Nepal es mucho mas eficiente si disponemos de donaciones peri\u00f3dicas de nuestros porters, ya que nos permiten planificar con anticipaci\u00f3n las proyectos.<\/p>\n<\/div>\n\t\t<\/div><\/div><\/div><\/div>","protected":false},"excerpt":{"rendered":"<p>Esta Navidad, puedes becar durante todo el a\u00f1o a un estudiante de alguna de las tres escuelas soportadas por Namlo Europa por tan solo 10 \u20ac al mes. Namlo Europa trabaja para combatir la pobreza a trav\u00e9s de la educaci\u00f3n y por eso contamos con un programa de becas escolares en el que apoyamos a [&hellip;]<\/p>\n","protected":false},"author":1,"featured_media":0,"parent":0,"menu_order":0,"comment_status":"closed","ping_status":"closed","template":"template-fullwidth.php","meta":[],"_links":{"self":[{"href":"https:\/\/namloeuropa.org\/CA\/wp-json\/wp\/v2\/pages\/1893"}],"collection":[{"href":"https:\/\/namloeuropa.org\/CA\/wp-json\/wp\/v2\/pages"}],"about":[{"href":"https:\/\/namloeuropa.org\/CA\/wp-json\/wp\/v2\/types\/page"}],"author":[{"embeddable":true,"href":"https:\/\/namloeuropa.org\/CA\/wp-json\/wp\/v2\/users\/1"}],"replies":[{"embeddable":true,"href":"https:\/\/namloeuropa.org\/CA\/wp-json\/wp\/v2\/comments?post=1893"}],"version-history":[{"count":8,"href":"https:\/\/namloeuropa.org\/CA\/wp-json\/wp\/v2\/pages\/1893\/revisions"}],"predecessor-version":[{"id":1902,"href":"https:\/\/namloeuropa.org\/CA\/wp-json\/wp\/v2\/pages\/1893\/revisions\/1902"}],"wp:attachment":[{"href":"https:\/\/namloeuropa.org\/CA\/wp-json\/wp\/v2\/media?parent=1893"}],"curies":[{"name":"wp","href":"https:\/\/api.w.org\/{rel}","templated":true}]}}