
{"id":1624,"date":"2018-12-17T11:59:15","date_gmt":"2018-12-17T11:59:15","guid":{"rendered":"http:\/\/namloeuropa.org\/?page_id=1624"},"modified":"2019-10-20T19:42:50","modified_gmt":"2019-10-20T19:42:50","slug":"hazte-porter","status":"publish","type":"page","link":"https:\/\/namloeuropa.org\/CA\/hazte-porter\/","title":{"rendered":"Fes-te porter"},"content":{"rendered":"<div id=\"pl-1624\"  class=\"panel-layout\" ><div id=\"pg-1624-0\"  class=\"panel-grid panel-no-style\" ><div id=\"pgc-1624-0-0\"  class=\"panel-grid-cell\" ><div id=\"panel-1624-0-0-0\" class=\"so-panel widget widget_media_image panel-first-child panel-last-child\" data-index=\"0\" ><img width=\"1600\" height=\"707\" src=\"https:\/\/namloeuropa.org\/wp-content\/uploads\/2016\/10\/DONAR_CAT_CAST.jpg\" class=\"image wp-image-1328  attachment-full size-full\" alt=\"\" loading=\"lazy\" style=\"max-width: 100%; height: auto;\" srcset=\"https:\/\/namloeuropa.org\/wp-content\/uploads\/2016\/10\/DONAR_CAT_CAST.jpg 1600w, https:\/\/namloeuropa.org\/wp-content\/uploads\/2016\/10\/DONAR_CAT_CAST-300x133.jpg 300w, https:\/\/namloeuropa.org\/wp-content\/uploads\/2016\/10\/DONAR_CAT_CAST-768x339.jpg 768w, https:\/\/namloeuropa.org\/wp-content\/uploads\/2016\/10\/DONAR_CAT_CAST-1024x452.jpg 1024w, https:\/\/namloeuropa.org\/wp-content\/uploads\/2016\/10\/DONAR_CAT_CAST-676x299.jpg 676w\" sizes=\"(max-width: 1600px) 100vw, 1600px\" \/><\/div><\/div><\/div><div id=\"pg-1624-1\"  class=\"panel-grid panel-has-style\" ><div class=\"panel-row-style panel-row-style-for-1624-1\" ><div id=\"pgc-1624-1-0\"  class=\"panel-grid-cell\" ><div id=\"panel-1624-1-0-0\" class=\"so-panel widget widget_text panel-first-child panel-last-child\" data-index=\"1\" >\t\t\t<div class=\"textwidget\"><p>Hazte Porter y ay\u00fadanos a compartir la carga de las personas m\u00e1s desfavorecidas. El apoyo individual de personas como t\u00fa nos permite llevar a cabo programas educativos y de apoyo a las comunidades de Nepal con el fin de mejorar la situaci\u00f3n de muchas personas potenciando su autosuficiencia. \u00a1\u00danete a Namlo Europa!<\/p>\n<\/div>\n\t\t<\/div><\/div><\/div><\/div><div id=\"pg-1624-2\"  class=\"panel-grid panel-no-style\" ><div id=\"pgc-1624-2-0\"  class=\"panel-grid-cell\" ><div id=\"panel-1624-2-0-0\" class=\"widget_text so-panel widget widget_custom_html panel-first-child panel-last-child\" data-index=\"2\" ><div class=\"textwidget custom-html-widget\"><div role=\"form\" class=\"wpcf7\" id=\"wpcf7-f1633-o1\" lang=\"es-ES\" dir=\"ltr\">\n<div class=\"screen-reader-response\"><p role=\"status\" aria-live=\"polite\" aria-atomic=\"true\"><\/p> <ul><\/ul><\/div>\n<form action=\"\/CA\/wp-json\/wp\/v2\/pages\/1624#wpcf7-f1633-o1\" method=\"post\" class=\"wpcf7-form init\" novalidate=\"novalidate\" data-status=\"init\">\n<div style=\"display: none;\">\n<input type=\"hidden\" name=\"_wpcf7\" value=\"1633\" \/>\n<input type=\"hidden\" name=\"_wpcf7_version\" value=\"5.5.3\" \/>\n<input type=\"hidden\" name=\"_wpcf7_locale\" value=\"es_ES\" \/>\n<input type=\"hidden\" name=\"_wpcf7_unit_tag\" value=\"wpcf7-f1633-o1\" \/>\n<input type=\"hidden\" name=\"_wpcf7_container_post\" value=\"0\" \/>\n<input type=\"hidden\" name=\"_wpcf7_posted_data_hash\" value=\"\" \/>\n<\/div>\n<p>\u00bfCuanto quieres aportar?<\/p>\n<p><span class=\"wpcf7-form-control-wrap cantidad\"><span class=\"wpcf7-form-control wpcf7-radio\"><span class=\"wpcf7-list-item first\"><label><input type=\"radio\" name=\"cantidad\" value=\"15\u20ac\" checked=\"checked\" \/><span class=\"wpcf7-list-item-label\">15\u20ac<\/span><\/label><\/span><span class=\"wpcf7-list-item\"><label><input type=\"radio\" name=\"cantidad\" value=\"30\u20ac\" \/><span class=\"wpcf7-list-item-label\">30\u20ac<\/span><\/label><\/span><span class=\"wpcf7-list-item\"><label><input type=\"radio\" name=\"cantidad\" value=\"50\u20ac\" \/><span class=\"wpcf7-list-item-label\">50\u20ac<\/span><\/label><\/span><span class=\"wpcf7-list-item last\"><label><input type=\"radio\" name=\"cantidad\" value=\"Otra cantidad\" \/><span class=\"wpcf7-list-item-label\">Otra cantidad<\/span><\/label><\/span><\/span><\/span> <span class=\"wpcf7-form-control-wrap otra_cantidad\"><input type=\"number\" name=\"otra_cantidad\" value=\"\" class=\"wpcf7-form-control wpcf7-number wpcf7-validates-as-number\" id=\"otra_cantidad\" min=\"0\" max=\"5000000\" aria-invalid=\"false\" \/><\/span><\/p>\n<p>\u00bfCon qu\u00e9 periodicidad?<\/p>\n<p><span class=\"wpcf7-form-control-wrap periodicidad\"><span class=\"wpcf7-form-control wpcf7-radio\"><span class=\"wpcf7-list-item first\"><label><input type=\"radio\" name=\"periodicidad\" value=\"Mensual\" checked=\"checked\" \/><span class=\"wpcf7-list-item-label\">Mensual<\/span><\/label><\/span><span class=\"wpcf7-list-item\"><label><input type=\"radio\" name=\"periodicidad\" value=\"Trimestral\" \/><span class=\"wpcf7-list-item-label\">Trimestral<\/span><\/label><\/span><span class=\"wpcf7-list-item last\"><label><input type=\"radio\" name=\"periodicidad\" value=\"Anual\" \/><span class=\"wpcf7-list-item-label\">Anual<\/span><\/label><\/span><\/span><\/span><\/p>\n<div class=\"row\">\n<div class=\"col-6\"><label>Nombre:<\/label><span class=\"wpcf7-form-control-wrap nombre\"><input type=\"text\" name=\"nombre\" value=\"\" size=\"40\" class=\"wpcf7-form-control wpcf7-text wpcf7-validates-as-required\" aria-required=\"true\" aria-invalid=\"false\" \/><\/span> <\/div>\n<div class=\"col-6\"><label>Apellidos:<\/label><span class=\"wpcf7-form-control-wrap apellidos\"><input type=\"text\" name=\"apellidos\" value=\"\" size=\"40\" class=\"wpcf7-form-control wpcf7-text wpcf7-validates-as-required\" aria-required=\"true\" aria-invalid=\"false\" \/><\/span> <\/div>\n<\/div>\n<div class=\"row\">\n<div class=\"col-6\"><label>Tel\u00e9fono:<\/label><span class=\"wpcf7-form-control-wrap telefono\"><input type=\"tel\" name=\"telefono\" value=\"\" size=\"40\" class=\"wpcf7-form-control wpcf7-text wpcf7-tel wpcf7-validates-as-required wpcf7-validates-as-tel\" aria-required=\"true\" aria-invalid=\"false\" \/><\/span> <\/div>\n<div class=\"col-6\"><label>Correo electr\u00f3nico:<\/label><span class=\"wpcf7-form-control-wrap email\"><input type=\"email\" name=\"email\" value=\"\" size=\"40\" class=\"wpcf7-form-control wpcf7-text wpcf7-email wpcf7-validates-as-required wpcf7-validates-as-email\" aria-required=\"true\" aria-invalid=\"false\" \/><\/span> <\/div>\n<\/div>\n<div class=\"row\">\n<div class=\"col-6\"><label>Tipo de documento:<\/label> <span class=\"wpcf7-form-control-wrap tipo_documento\"><select name=\"tipo_documento\" class=\"wpcf7-form-control wpcf7-select wpcf7-validates-as-required\" aria-required=\"true\" aria-invalid=\"false\"><option value=\"NIF\">NIF<\/option><option value=\"NIE\">NIE<\/option><\/select><\/span> <\/div>\n<div class=\"col-6\"><label> Documento:<\/label><span class=\"wpcf7-form-control-wrap identidad\"><input type=\"text\" name=\"identidad\" value=\"\" size=\"40\" class=\"wpcf7-form-control wpcf7-text wpcf7-validates-as-required\" aria-required=\"true\" aria-invalid=\"false\" \/><\/span> <\/div>\n<\/div>\n<p><span class=\"wpcf7-form-control-wrap degrava\"><span class=\"wpcf7-form-control wpcf7-acceptance optional\"><span class=\"wpcf7-list-item\"><label><input type=\"checkbox\" name=\"degrava\" value=\"1\" aria-invalid=\"false\" \/><span class=\"wpcf7-list-item-label\">Quiero desgravar mi aportaci\u00f3n en la declaraci\u00f3n de la renta<\/span><\/label><\/span><\/span><\/span><\/p>\n<p><label>IBAN: <\/label><span class=\"wpcf7-form-control-wrap IBAN\"><input type=\"text\" name=\"IBAN\" value=\"ES\" size=\"40\" class=\"wpcf7-form-control wpcf7-text wpcf7-validates-as-required\" aria-required=\"true\" aria-invalid=\"false\" \/><\/span> <\/p>\n<p><label>Titular: <\/label> <span class=\"wpcf7-form-control-wrap titular\"><input type=\"text\" name=\"titular\" value=\"\" size=\"40\" class=\"wpcf7-form-control wpcf7-text wpcf7-validates-as-required\" aria-required=\"true\" aria-invalid=\"false\" \/><\/span><\/p>\n<p><span class=\"wpcf7-form-control-wrap Aceptacion\"><span class=\"wpcf7-form-control wpcf7-acceptance\"><span class=\"wpcf7-list-item\"><label><input type=\"checkbox\" name=\"Aceptacion\" value=\"1\" aria-invalid=\"false\" \/><span class=\"wpcf7-list-item-label\">Acepto las <a href=\"http:\/\/namloeuropa.org\/wp-content\/uploads\/2018\/11\/aceptacionlegal.pdf\" target=\"_blank\" rel=\"noopener\">Bases Legales<\/a><\/span><\/label><\/span><\/span><\/span> <\/p>\n<p><input type=\"submit\" value=\"Enviar\" class=\"wpcf7-form-control has-spinner wpcf7-submit\" \/><\/p>\n<p>[recaptcha]<\/p>\n<div class=\"wpcf7-response-output\" aria-hidden=\"true\"><\/div><\/form><\/div>\n\n<script>\n\tconsole.dir(jQuery('.wpcf7-form-control.wpcf7-radio wpcf7-list-item.last'));\n\t\tjQuery(\"input[name='otra_cantidad']\").hide();\n\t\tjQuery('.wpcf7-form-control.wpcf7-radio .wpcf7-list-item').change(function() {\n\t\t\t\n\t\t\tif (jQuery(this).hasClass(\"last\") && jQuery(this).find(\"input\").prop(\"checked\")){\t\t\t\t\n\t\t\t\tjQuery(\"input[name='otra_cantidad']\").show();\n\t\t\t\tjQuery(this).css(\"text-align\", \"left\");\n\t\t\t}else{\t\n\t\t\t\tjQuery(this).css(\"text-align\", \"center\");\n\t\t\t\tjQuery(\"input[name='otra_cantidad']\").hide();\t\n\t\t\t\tjQuery(\"input[name='otra_cantidad']\").val(\"\");\t\t\n\t\t\t}\n\t\t\t});\t\n\t\nfunction nif(DNI) {\n  numero = dni.substr(0,dni.length-1);\n  let = dni.substr(dni.length-1,1);\n  numero = numero % 23;\n  letra='TRWAGMYFPDXBNJZSQVHLCKET';\n  letra=letra.substring(numero,numero+1);\n  if (letra!=let) \n    alert('Dni erroneo');\n}\n<\/script>\n<\/div><\/div><\/div><div id=\"pgc-1624-2-1\"  class=\"panel-grid-cell\" ><div id=\"panel-1624-2-1-0\" class=\"so-panel widget widget_text panel-first-child panel-last-child\" data-index=\"3\" ><h3 class=\"widget-title\">Nuestros Colaboradores<\/h3>\t\t\t<div class=\"textwidget\"><p>Conchita Morales<br \/>\n<img loading=\"lazy\" class=\"aligncenter wp-image-1714\" src=\"http:\/\/namloeuropa.org\/wp-content\/uploads\/2018\/12\/Conchita.png\" alt=\"\" width=\"180\" height=\"177\" \/><br \/>\nConoc\u00ed los proyectos de Namlo cuando estuve en Katmand\u00fa. Me parecieron estupendos ya que para mi\u00a0 la dignidad, educaci\u00f3n\u00a0 y promoci\u00f3n de los ni\u00f1os es fundamental,\u00a0 adem\u00e1s las aportaciones que se hacen van directa e \u00edntegramente a las necesidades que surgen en cada momento.<\/p>\n<p>David Verge<\/p>\n<p><img loading=\"lazy\" class=\"aligncenter size-full wp-image-1732\" src=\"http:\/\/namloeuropa.org\/wp-content\/uploads\/2019\/09\/david-verge.png\" alt=\"\" width=\"202\" height=\"202\" srcset=\"https:\/\/namloeuropa.org\/wp-content\/uploads\/2019\/09\/david-verge.png 202w, https:\/\/namloeuropa.org\/wp-content\/uploads\/2019\/09\/david-verge-150x150.png 150w\" sizes=\"(max-width: 202px) 100vw, 202px\" \/><br \/>\nNuestra labor en Nepal es mucho mas eficiente si disponemos de donaciones peri\u00f3dicas de nuestros porters, ya que nos permiten planificar con anticipaci\u00f3n las proyectos.<\/p>\n<\/div>\n\t\t<\/div><\/div><\/div><\/div>","protected":false},"excerpt":{"rendered":"<p>Hazte Porter y ay\u00fadanos a compartir la carga de las personas m\u00e1s desfavorecidas. El apoyo individual de personas como t\u00fa nos permite llevar a cabo programas educativos y de apoyo a las comunidades de Nepal con el fin de mejorar la situaci\u00f3n de muchas personas potenciando su autosuficiencia. \u00a1\u00danete a Namlo Europa!<\/p>\n","protected":false},"author":1,"featured_media":0,"parent":0,"menu_order":0,"comment_status":"closed","ping_status":"closed","template":"template-fullwidth.php","meta":[],"_links":{"self":[{"href":"https:\/\/namloeuropa.org\/CA\/wp-json\/wp\/v2\/pages\/1624"}],"collection":[{"href":"https:\/\/namloeuropa.org\/CA\/wp-json\/wp\/v2\/pages"}],"about":[{"href":"https:\/\/namloeuropa.org\/CA\/wp-json\/wp\/v2\/types\/page"}],"author":[{"embeddable":true,"href":"https:\/\/namloeuropa.org\/CA\/wp-json\/wp\/v2\/users\/1"}],"replies":[{"embeddable":true,"href":"https:\/\/namloeuropa.org\/CA\/wp-json\/wp\/v2\/comments?post=1624"}],"version-history":[{"count":91,"href":"https:\/\/namloeuropa.org\/CA\/wp-json\/wp\/v2\/pages\/1624\/revisions"}],"predecessor-version":[{"id":1782,"href":"https:\/\/namloeuropa.org\/CA\/wp-json\/wp\/v2\/pages\/1624\/revisions\/1782"}],"wp:attachment":[{"href":"https:\/\/namloeuropa.org\/CA\/wp-json\/wp\/v2\/media?parent=1624"}],"curies":[{"name":"wp","href":"https:\/\/api.w.org\/{rel}","templated":true}]}}