
{"id":121,"date":"2014-11-21T06:51:51","date_gmt":"2014-11-21T06:51:51","guid":{"rendered":"http:\/\/namloeuropa.wordpress.com\/?page_id=121"},"modified":"2016-10-31T18:56:59","modified_gmt":"2016-10-31T18:56:59","slug":"fes-te-voluntari","status":"publish","type":"page","link":"https:\/\/namloeuropa.org\/CA\/col%c2%b7labora\/fes-te-voluntari\/","title":{"rendered":"Fes-te voluntari"},"content":{"rendered":"<p><\/p>\n<p style=\"text-align: justify;\">Vols formar part de l&#8217;equip de voluntaris de <span style=\"color: #084f9d;\">Namlo Europa<\/span> i ser part\u00edcep dels projectes de l&#8217;organitzaci\u00f3?<\/p>\n<p style=\"text-align: justify;\">Ara ho tens molt f\u00e0cil, contacta amb nosaltres omplint el\u00a0seg\u00fcent formulari, envia&#8217;ns-el a <span style=\"color: #084f9d;\"><em>info@namloeuropa.org<\/em><\/span> i t&#8217;informarem ben aviat.<\/p>\n<ul>\n<li style=\"text-align: justify;\">Consulta la <strong>borsa de voluntariat<\/strong> de Namlo Europa <a href=\"http:\/\/namloeuropa.org\/wp-content\/uploads\/2015\/11\/NECESSITATS-VOLUNTARIAT-NAMLO1.pdf\" target=\"_blank\">aqu\u00ed<\/a>.<\/li>\n<li style=\"text-align: justify;\"><strong>Descarrega el formulari<\/strong> de voluntariat de Namlo Europa <a href=\"http:\/\/namloeuropa.org\/wp-content\/uploads\/2016\/10\/Volunteer-Application-\u2013-Namlo-Europa.pdf\" target=\"_blank\">aqu\u00ed<\/a>.<\/li>\n<\/ul>\n<p style=\"text-align: justify;\">A <span style=\"color: #084f9d;\">Namlo Europa<\/span> tots sumem!<\/p>\n<p><\/p>","protected":false},"excerpt":{"rendered":"<p>Vols formar part de l&#8217;equip de voluntaris de Namlo Europa i ser part\u00edcep dels projectes de l&#8217;organitzaci\u00f3? Ara ho tens molt f\u00e0cil, contacta amb nosaltres omplint el\u00a0seg\u00fcent formulari, envia&#8217;ns-el a info@namloeuropa.org i t&#8217;informarem ben aviat. Consulta la borsa de voluntariat de Namlo Europa aqu\u00ed. Descarrega el formulari de voluntariat de Namlo Europa aqu\u00ed. A Namlo [&hellip;]<\/p>\n","protected":false},"author":1,"featured_media":0,"parent":117,"menu_order":0,"comment_status":"closed","ping_status":"closed","template":"","meta":[],"_links":{"self":[{"href":"https:\/\/namloeuropa.org\/CA\/wp-json\/wp\/v2\/pages\/121"}],"collection":[{"href":"https:\/\/namloeuropa.org\/CA\/wp-json\/wp\/v2\/pages"}],"about":[{"href":"https:\/\/namloeuropa.org\/CA\/wp-json\/wp\/v2\/types\/page"}],"author":[{"embeddable":true,"href":"https:\/\/namloeuropa.org\/CA\/wp-json\/wp\/v2\/users\/1"}],"replies":[{"embeddable":true,"href":"https:\/\/namloeuropa.org\/CA\/wp-json\/wp\/v2\/comments?post=121"}],"version-history":[{"count":8,"href":"https:\/\/namloeuropa.org\/CA\/wp-json\/wp\/v2\/pages\/121\/revisions"}],"predecessor-version":[{"id":1361,"href":"https:\/\/namloeuropa.org\/CA\/wp-json\/wp\/v2\/pages\/121\/revisions\/1361"}],"up":[{"embeddable":true,"href":"https:\/\/namloeuropa.org\/CA\/wp-json\/wp\/v2\/pages\/117"}],"wp:attachment":[{"href":"https:\/\/namloeuropa.org\/CA\/wp-json\/wp\/v2\/media?parent=121"}],"curies":[{"name":"wp","href":"https:\/\/api.w.org\/{rel}","templated":true}]}}