
{"id":12,"date":"2014-11-21T05:06:51","date_gmt":"2014-11-21T05:06:51","guid":{"rendered":"http:\/\/namloeuropa.wordpress.com\/?page_id=12"},"modified":"2021-03-12T21:05:23","modified_gmt":"2021-03-12T21:05:23","slug":"sobre-namlo","status":"publish","type":"page","link":"https:\/\/namloeuropa.org\/CA\/sobre-namlo\/","title":{"rendered":"Qui som?"},"content":{"rendered":"<p><\/p>\n<p style=\"text-align: justify;\"><span style=\"color: #084f9d;\">Namlo Europa<\/span> \u00e9s una associaci\u00f3 sense \u00e0nim de lucre, ni cap afinitat pol\u00edtica ni religiosa, que treballa directament amb comunitats rurals al Nepal per potenciar la seva&nbsp;autosufici\u00e8ncia, sense&nbsp;crear depend\u00e8ncia. <span style=\"color: #084f9d;\">Namlo Europa<\/span> col\u00b7labora \u00fanicament amb persones que estiguin&nbsp;disposades a esfor\u00e7ar-se per millor la seva&nbsp;vida.<\/p>\n<p style=\"text-align: justify;\">Namlo \u00e9s el nom&nbsp;nepal\u00e8s de la cinta de c\u00e0nem amb que la gent del Nepal porta&nbsp;les c\u00e0rregues. Aquesta cinta serveix per aguantar&nbsp;el pes del cab\u00e0s que carreguen a l&#8217;esquena amb qualsevol cosa que hagin de transportar. L&#8217;objectiu de <span style=\"color: #084f9d;\">Namlo Europa<\/span>&nbsp;ajudar a la gent a treure el pes de la vida a trav\u00e9s de l&#8217;educaci\u00f3.<\/p>\n<p>Descobreix m\u00e9s sobre els <a href=\"http:\/\/namloeuropa.org\/sobre-namlo\/els-inicis\/\">nostres inicis<\/a>.<\/p>\n<p><img loading=\"lazy\" class=\"aligncenter wp-image-15 size-full\" src=\"http:\/\/namloeuropa.org\/wp-content\/uploads\/2014\/11\/namlo.jpg\" alt=\"Namlo\" width=\"267\" height=\"221\"><\/p>\n<h3>La nostra missi\u00f3<\/h3>\n<p style=\"text-align: justify;\"><span style=\"color: #084f9d;\">Namlo Europa<\/span> treballa per combatre la pobresa a trav\u00e9s de l\u2019educaci\u00f3 i el desenvolupament sostenible a trav\u00e9s de projectes que ajuden a millorar la situaci\u00f3 de les comunitats m\u00e9s desfavorides.<\/p>\n<p style=\"text-align: justify;\">Considerem que l\u2019educaci\u00f3 \u00e9s la base del desenvolupament en una societat globalitzada i avan\u00e7ada tecnol\u00f2gicament. Els nens i joves s\u00f3n protagonistes en la construcci\u00f3 d\u2019un futur millor i, des d\u2019aquesta vessant, la seva formaci\u00f3 adquireix un valor de gran import\u00e0ncia.<\/p>\n<p style=\"text-align: justify;\">Per tot aix\u00f2, <span style=\"color: #084f9d;\">Namlo Europa<\/span> ha assumit el comprom\u00eds de treballar en favor de l\u2019acc\u00e9s i la igualtat en l\u2019educaci\u00f3, cooperant en l\u2019\u00e0mbit educatiu i formatiu com a eina fonamental de lluita contra la pobresa i a favor del desenvolupament.<\/p>\n<h3 style=\"text-align: center;\">L\u2019Objectiu final \u00e9s ajudar buscant l\u2019autosufici\u00e8ncia sense crear depend\u00e8ncia.<\/h3>\n<p><\/p>","protected":false},"excerpt":{"rendered":"<p>Namlo Europa \u00e9s una associaci\u00f3 sense \u00e0nim de lucre, ni cap afinitat pol\u00edtica ni religiosa, que treballa directament amb comunitats rurals al Nepal per potenciar la seva&nbsp;autosufici\u00e8ncia, sense&nbsp;crear depend\u00e8ncia. Namlo Europa col\u00b7labora \u00fanicament amb persones que estiguin&nbsp;disposades a esfor\u00e7ar-se per millor la seva&nbsp;vida. Namlo \u00e9s el nom&nbsp;nepal\u00e8s de la cinta de c\u00e0nem amb que la [&hellip;]<\/p>\n","protected":false},"author":1,"featured_media":0,"parent":0,"menu_order":0,"comment_status":"closed","ping_status":"closed","template":"","meta":[],"_links":{"self":[{"href":"https:\/\/namloeuropa.org\/CA\/wp-json\/wp\/v2\/pages\/12"}],"collection":[{"href":"https:\/\/namloeuropa.org\/CA\/wp-json\/wp\/v2\/pages"}],"about":[{"href":"https:\/\/namloeuropa.org\/CA\/wp-json\/wp\/v2\/types\/page"}],"author":[{"embeddable":true,"href":"https:\/\/namloeuropa.org\/CA\/wp-json\/wp\/v2\/users\/1"}],"replies":[{"embeddable":true,"href":"https:\/\/namloeuropa.org\/CA\/wp-json\/wp\/v2\/comments?post=12"}],"version-history":[{"count":15,"href":"https:\/\/namloeuropa.org\/CA\/wp-json\/wp\/v2\/pages\/12\/revisions"}],"predecessor-version":[{"id":1870,"href":"https:\/\/namloeuropa.org\/CA\/wp-json\/wp\/v2\/pages\/12\/revisions\/1870"}],"wp:attachment":[{"href":"https:\/\/namloeuropa.org\/CA\/wp-json\/wp\/v2\/media?parent=12"}],"curies":[{"name":"wp","href":"https:\/\/api.w.org\/{rel}","templated":true}]}}