
{"id":117,"date":"2014-11-21T06:49:15","date_gmt":"2014-11-21T06:49:15","guid":{"rendered":"http:\/\/namloeuropa.wordpress.com\/?page_id=117"},"modified":"2017-02-06T19:10:11","modified_gmt":"2017-02-06T19:10:11","slug":"col%c2%b7labora","status":"publish","type":"page","link":"https:\/\/namloeuropa.org\/CA\/col%c2%b7labora\/","title":{"rendered":"Col\u00b7labora"},"content":{"rendered":"<p><\/p>\n<h6>A <span style=\"color: #084f9d;\">Namlo Europa<\/span> pots ajudar-nos de moltes maneres<\/h6>\n<ul>\n<li>Organitzant actes ben\u00e8fics per aconseguir fons per a l\u2019associaci\u00f3<\/li>\n<li><span style=\"color: #000000;\">Fes-te voluntari\/\u00e0ria<\/span><\/li>\n<li>Adoptant un <span style=\"color: #000000;\">projecte<\/span> mitjan\u00e7ant una aportaci\u00f3 econ\u00f2mica o donatiu*:<\/li>\n<\/ul>\n<h6 style=\"text-align: center;\"><span style=\"color: #084f9d;\"><span style=\"color: #000000;\"> CaixaBank IBAN NUMBER<\/span>\u00a0ES73 2100 1057 6002 0011 7717<\/span><\/h6>\n<form action=\"https:\/\/www.paypal.com\/cgi-bin\/webscr\" method=\"post\" target=\"_top\">\n<p style=\"text-align: center;\"><input name=\"cmd\" type=\"hidden\" value=\"_s-xclick\" \/> <input name=\"hosted_button_id\" type=\"hidden\" value=\"HXWNMD4PGX3VA\" \/> <input alt=\"PayPal. La forma r\u00e1pida y segura de pagar en Internet.\" name=\"submit\" src=\"https:\/\/www.paypalobjects.com\/es_ES\/ES\/i\/btn\/btn_donateCC_LG.gif\" type=\"image\" \/> <img loading=\"lazy\" src=\"https:\/\/www.paypalobjects.com\/es_ES\/i\/scr\/pixel.gif\" alt=\"\" width=\"1\" height=\"1\" border=\"0\" \/><\/p>\n<p><em>*Si desitja que li enviem un certificat fiscal del donatiu realitzat, envi\u00ef\u2019ns les seves dades (nom i cognoms\/societat, NIF, adre\u00e7a postal i correu electr\u00f2nic) a <a href=\"mailto:info@namloeuropa.org\">info@namloeuropa.org<\/a>. Totes les dades facilitades seran incloses en un fitxer custodiat per Namlo Europa i seran tractades d\u2019acord amb la LOPD vigent.<\/em><\/p>\n<p><strong>Deduccions fiscals per donatius<\/strong>:<\/p>\n<ul>\n<li>donatius de fins a 150\u20ac: 75%<\/li>\n<li>donatius a partir de 150\u20ac: 30%\n<ul>\n<li>Si durant els\u00a0\u00faltims 3 anys has donat a la mateixa ONG, el mateix import cada any, o un import superior, tens un 5% addicional de deducci\u00f3.<\/li>\n<\/ul>\n<\/li>\n<\/ul>\n<\/form>\n<p><\/p>","protected":false},"excerpt":{"rendered":"<p>A Namlo Europa pots ajudar-nos de moltes maneres Organitzant actes ben\u00e8fics per aconseguir fons per a l\u2019associaci\u00f3 Fes-te voluntari\/\u00e0ria Adoptant un projecte mitjan\u00e7ant una aportaci\u00f3 econ\u00f2mica o donatiu*: CaixaBank IBAN NUMBER\u00a0ES73 2100 1057 6002 0011 7717 *Si desitja que li enviem un certificat fiscal del donatiu realitzat, envi\u00ef\u2019ns les seves dades (nom i cognoms\/societat, NIF, [&hellip;]<\/p>\n","protected":false},"author":1,"featured_media":0,"parent":0,"menu_order":0,"comment_status":"closed","ping_status":"closed","template":"","meta":[],"_links":{"self":[{"href":"https:\/\/namloeuropa.org\/CA\/wp-json\/wp\/v2\/pages\/117"}],"collection":[{"href":"https:\/\/namloeuropa.org\/CA\/wp-json\/wp\/v2\/pages"}],"about":[{"href":"https:\/\/namloeuropa.org\/CA\/wp-json\/wp\/v2\/types\/page"}],"author":[{"embeddable":true,"href":"https:\/\/namloeuropa.org\/CA\/wp-json\/wp\/v2\/users\/1"}],"replies":[{"embeddable":true,"href":"https:\/\/namloeuropa.org\/CA\/wp-json\/wp\/v2\/comments?post=117"}],"version-history":[{"count":36,"href":"https:\/\/namloeuropa.org\/CA\/wp-json\/wp\/v2\/pages\/117\/revisions"}],"predecessor-version":[{"id":1389,"href":"https:\/\/namloeuropa.org\/CA\/wp-json\/wp\/v2\/pages\/117\/revisions\/1389"}],"wp:attachment":[{"href":"https:\/\/namloeuropa.org\/CA\/wp-json\/wp\/v2\/media?parent=117"}],"curies":[{"name":"wp","href":"https:\/\/api.w.org\/{rel}","templated":true}]}}