
{"id":110,"date":"2014-11-21T06:44:43","date_gmt":"2014-11-21T06:44:43","guid":{"rendered":"http:\/\/namloeuropa.wordpress.com\/?page_id=110"},"modified":"2017-04-14T23:58:00","modified_gmt":"2017-04-14T23:58:00","slug":"desenvolupament-sostenible-de-comunitats","status":"publish","type":"page","link":"https:\/\/namloeuropa.org\/CA\/programes\/desenvolupament-sostenible-de-comunitats\/","title":{"rendered":"Desenvolupament sostenible de comunitats"},"content":{"rendered":"<p><\/p>\n<p style=\"text-align: justify;\">L\u2019objectiu principal del\u00a0programa \u00e9s potenciar la capacitat dels membres de les comunitats de treballar junts per arribar a ser autosuficients. Normalment, les comunitats rurals del Nepal i Nicaragua que demanen ajuda per construir les seves escoles tenen un \u00edndex molt alt d\u2019analfabetisme i el primer programa un cop acabada la construcci\u00f3 de l\u2019escola \u00e9s oferir classes d\u2019educaci\u00f3 d\u2019adults. Un cop tenen una educaci\u00f3 b\u00e0sica poden accedir a l\u2019ensenyament d\u2019oficis com poden \u00e9sser cosir, teixir, cultiu de vegetals, de plantes medicinals o creaci\u00f3 de manualitats com postals o productes artesanals.<\/p>\n<p>L\u2019educaci\u00f3 de la dona t\u00e9 un gran impacte no sols en el que pot contribuir a la millora de la seva comunitat sin\u00f3 que tamb\u00e9 influeix directament en el futur dels seus fills i d\u2019ella mateixa.<\/p>\n<p><img loading=\"lazy\" class=\"aligncenter wp-image-1524 size-full\" src=\"http:\/\/namloeuropa.org\/wp-content\/uploads\/2014\/11\/16707560_1246228848803784_9082645730568238312_o.jpg\" alt=\"\" width=\"1032\" height=\"581\" srcset=\"https:\/\/namloeuropa.org\/wp-content\/uploads\/2014\/11\/16707560_1246228848803784_9082645730568238312_o.jpg 1032w, https:\/\/namloeuropa.org\/wp-content\/uploads\/2014\/11\/16707560_1246228848803784_9082645730568238312_o-300x169.jpg 300w, https:\/\/namloeuropa.org\/wp-content\/uploads\/2014\/11\/16707560_1246228848803784_9082645730568238312_o-768x432.jpg 768w, https:\/\/namloeuropa.org\/wp-content\/uploads\/2014\/11\/16707560_1246228848803784_9082645730568238312_o-1024x576.jpg 1024w, https:\/\/namloeuropa.org\/wp-content\/uploads\/2014\/11\/16707560_1246228848803784_9082645730568238312_o-676x381.jpg 676w\" sizes=\"(max-width: 1032px) 100vw, 1032px\" \/><\/p>","protected":false},"excerpt":{"rendered":"<p>L\u2019objectiu principal del\u00a0programa \u00e9s potenciar la capacitat dels membres de les comunitats de treballar junts per arribar a ser autosuficients. Normalment, les comunitats rurals del Nepal i Nicaragua que demanen ajuda per construir les seves escoles tenen un \u00edndex molt alt d\u2019analfabetisme i el primer programa un cop acabada la construcci\u00f3 de l\u2019escola \u00e9s oferir [&hellip;]<\/p>\n","protected":false},"author":1,"featured_media":0,"parent":74,"menu_order":0,"comment_status":"closed","ping_status":"closed","template":"","meta":[],"_links":{"self":[{"href":"https:\/\/namloeuropa.org\/CA\/wp-json\/wp\/v2\/pages\/110"}],"collection":[{"href":"https:\/\/namloeuropa.org\/CA\/wp-json\/wp\/v2\/pages"}],"about":[{"href":"https:\/\/namloeuropa.org\/CA\/wp-json\/wp\/v2\/types\/page"}],"author":[{"embeddable":true,"href":"https:\/\/namloeuropa.org\/CA\/wp-json\/wp\/v2\/users\/1"}],"replies":[{"embeddable":true,"href":"https:\/\/namloeuropa.org\/CA\/wp-json\/wp\/v2\/comments?post=110"}],"version-history":[{"count":4,"href":"https:\/\/namloeuropa.org\/CA\/wp-json\/wp\/v2\/pages\/110\/revisions"}],"predecessor-version":[{"id":1525,"href":"https:\/\/namloeuropa.org\/CA\/wp-json\/wp\/v2\/pages\/110\/revisions\/1525"}],"up":[{"embeddable":true,"href":"https:\/\/namloeuropa.org\/CA\/wp-json\/wp\/v2\/pages\/74"}],"wp:attachment":[{"href":"https:\/\/namloeuropa.org\/CA\/wp-json\/wp\/v2\/media?parent=110"}],"curies":[{"name":"wp","href":"https:\/\/api.w.org\/{rel}","templated":true}]}}