
{"id":676,"date":"2014-11-21T06:52:41","date_gmt":"2014-11-21T06:52:41","guid":{"rendered":"http:\/\/namloeuropa.wordpress.com\/?page_id=123"},"modified":"2015-03-11T22:33:37","modified_gmt":"2015-03-11T22:33:37","slug":"projecte-prioritari","status":"publish","type":"page","link":"http:\/\/namloeuropa.org\/CA\/col%c2%b7labora\/projecte-prioritari\/","title":{"rendered":"Projecte prioritari"},"content":{"rendered":"<p>Actualment tenim un <span style=\"color: #ff0000;\"><strong>projecte prioritari<\/strong><\/span> al\u00a0Nepal: la construcci\u00f3 d&#8217;un edifici de 4 aules\u00a0que formar\u00e0 part d&#8217;una escola de prim\u00e0ria per uns 400 nens.<\/p>\n<p style=\"text-align: justify;\">Khamdenu \u00e9s el nom de la comunitat on es troba aquesta escola rural, al districte de Tanahu, a uns 35 quil\u00f2metres de Pokhara i prop de la comunitat de Sabhung, on Namlo International va construir una escola per m\u00e9s de 800 alumnes l&#8217;any 2009.<\/p>\n<p style=\"text-align: justify;\"><span style=\"color: #084f9d;\">Namlo Europa<\/span> col\u00b7labora des de fa temps entregant material escolar en aquesta escola p\u00fablica. En Xavi Cros i en David Verge, membres de la Junta Directiva de <span style=\"color: #084f9d;\">Namlo Europa<\/span>, varen\u00a0visitar la comunitat en anys consecutius portant material de les escoles agermanades, i van\u00a0poder comprovar de primera m\u00e0 les condicions prec\u00e0ries de l&#8217;edifici on cada dia tants nens passen\u00a0gran part de la jornada escolar.<\/p>\n<p style=\"text-align: justify;\">L\u2019edifici, que va ser\u00a0constru\u00eft per la comunitat fa m\u00e9s de 40 anys, t\u00e9 dues plantes on nens de fins a 15 anys estudien i juguen cada dia convivint amb els riscos que l&#8217;\u00fas d&#8217;aquestes instal\u00b7lacions en mal estat suposa per a ells. <span style=\"color: #084f9d;\">Namlo Europa<\/span> s&#8217;ha comprom\u00e8s amb la comunitat per ajudar-los a construir una nova escola que reemplaci l&#8217;antic l&#8217;edifici.<\/p>\n<p style=\"text-align: justify;\">El 2014 Namlo International va construir les quatre primeres aules que es varen inaugurar al novembre del mateix any.<\/p>\n<p style=\"text-align: justify;\">El gener del 2015 <span style=\"color: #084f9d;\">Namlo Europa<\/span>\u00a0va inciar la construcci\u00f3 de dues aules, a m\u00e9s d&#8217;ajudar a la comunitat a enllestir dues aules m\u00e9s, pel que encara necessitem 1.000\u00a0euros per completar tot el projecte (4 aules en total).<\/p>\n<p style=\"text-align: justify;\">Il\u00b7lusionats per poder oferir un nivell m\u00e9s alt d&#8217;escolaritzaci\u00f3, volem afegir dos graus m\u00e9s (9\u00e8 i 10\u00e8) i donar, d\u2019aquesta manera, l\u2019oportunitat als seus alumnes d&#8217;acabar els 10 primers anys d&#8217;escolaritzaci\u00f3.<\/p>\n<p style=\"text-align: justify;\">Si vols col\u00b7laborar amb nosaltres en aquest projecte tan important pel futur dels nens i nenes de la comunitat de Khamdenu, pots fer una aportaci\u00f3 econ\u00f2mica a trav\u00e9s del nostre n\u00famero de <span style=\"color: #084f9d;\"><a style=\"color: #084f9d;\" title=\"Col\u00b7labora\" href=\"http:\/\/namloeuropa.org\/col%c2%b7labora\/\" target=\"_blank\">compte corrent<\/a><\/span>.<\/p>\n<p style=\"text-align: justify;\">Si vols rebre m\u00e9s informaci\u00f3 sobre el projecte o maneres alternatives de col\u00b7laboraci\u00f3 amb la construcci\u00f3 del centre educatiu, pots contactar amb nosaltres a <span style=\"color: #084f9d;\">info@namloeuropa.org<\/span>.<\/p>\n<h6><strong>Projectes\u00a0<\/strong><\/h6>\n<p>Si vols informaci\u00f3 sobre altres\u00a0projectes\u00a0pots contactar amb nosaltres a <span style=\"color: #084f9d;\">info@namloeuropa.org<\/span><\/p>\n<p><strong>\u00a0<\/strong><\/p>","protected":false},"excerpt":{"rendered":"<p>Actualment tenim un projecte prioritari al\u00a0Nepal: la construcci\u00f3 d&#8217;un edifici de 4 aules\u00a0que formar\u00e0 part d&#8217;una escola de prim\u00e0ria per uns 400 nens. Khamdenu \u00e9s el nom de la comunitat on es troba aquesta escola rural, al districte de Tanahu, a uns 35 quil\u00f2metres de Pokhara i prop de la comunitat de Sabhung, on Namlo [&hellip;]<\/p>\n","protected":false},"author":1,"featured_media":0,"parent":117,"menu_order":0,"comment_status":"closed","ping_status":"closed","template":"","meta":[],"_links":{"self":[{"href":"http:\/\/namloeuropa.org\/CA\/wp-json\/wp\/v2\/pages\/676"}],"collection":[{"href":"http:\/\/namloeuropa.org\/CA\/wp-json\/wp\/v2\/pages"}],"about":[{"href":"http:\/\/namloeuropa.org\/CA\/wp-json\/wp\/v2\/types\/page"}],"author":[{"embeddable":true,"href":"http:\/\/namloeuropa.org\/CA\/wp-json\/wp\/v2\/users\/1"}],"replies":[{"embeddable":true,"href":"http:\/\/namloeuropa.org\/CA\/wp-json\/wp\/v2\/comments?post=676"}],"version-history":[{"count":9,"href":"http:\/\/namloeuropa.org\/CA\/wp-json\/wp\/v2\/pages\/676\/revisions"}],"predecessor-version":[{"id":950,"href":"http:\/\/namloeuropa.org\/CA\/wp-json\/wp\/v2\/pages\/676\/revisions\/950"}],"up":[{"embeddable":true,"href":"http:\/\/namloeuropa.org\/CA\/wp-json\/wp\/v2\/pages\/117"}],"wp:attachment":[{"href":"http:\/\/namloeuropa.org\/CA\/wp-json\/wp\/v2\/media?parent=676"}],"curies":[{"name":"wp","href":"https:\/\/api.w.org\/{rel}","templated":true}]}}